{"id":6689,"date":"2024-02-01T15:21:41","date_gmt":"2024-02-01T14:21:41","guid":{"rendered":"https:\/\/mydigicode.fr\/?page_id=6689"},"modified":"2024-02-01T16:04:37","modified_gmt":"2024-02-01T15:04:37","slug":"elementor-6689","status":"publish","type":"page","link":"https:\/\/mydigicode.fr\/index.php\/elementor-6689\/","title":{"rendered":"Je veux \u00eatre rappeler"},"content":{"rendered":"\t\t<div data-elementor-type=\"wp-page\" data-elementor-id=\"6689\" class=\"elementor elementor-6689\">\n\t\t\t\t\t\t\t\t\t<section class=\"elementor-section elementor-top-section elementor-element elementor-element-de84b8b elementor-section-content-middle elementor-section-boxed elementor-section-height-default elementor-section-height-default wpr-particle-no wpr-jarallax-no wpr-parallax-no wpr-sticky-section-no\" data-id=\"de84b8b\" data-element_type=\"section\" data-settings=\"{&quot;background_background&quot;:&quot;classic&quot;}\">\n\t\t\t\t\t\t<div class=\"elementor-container elementor-column-gap-no\">\n\t\t\t\t\t<div class=\"elementor-column elementor-col-100 elementor-top-column elementor-element elementor-element-97ce88c\" data-id=\"97ce88c\" data-element_type=\"column\">\n\t\t\t<div class=\"elementor-widget-wrap elementor-element-populated\">\n\t\t\t\t\t\t\t\t<div class=\"elementor-element elementor-element-8de6550 elementor-widget elementor-widget-shortcode\" data-id=\"8de6550\" data-element_type=\"widget\" data-widget_type=\"shortcode.default\">\n\t\t\t\t<div class=\"elementor-widget-container\">\n\t\t\t\t\t<div class=\"elementor-shortcode\"><div class=\"forminator-ui forminator-custom-form forminator-custom-form-6695 forminator-design--material  forminator_ajax\" data-forminator-render=\"0\" data-form=\"forminator-module-6695\" data-uid=\"69d519e5820a3\"><br\/><\/div><form\n\t\t\t\tid=\"forminator-module-6695\"\n\t\t\t\tclass=\"forminator-ui forminator-custom-form forminator-custom-form-6695 forminator-design--material  forminator_ajax\"\n\t\t\t\tmethod=\"post\"\n\t\t\t\tdata-forminator-render=\"0\"\n\t\t\t\tdata-form-id=\"6695\"\n\t\t\t\t\n\t\t\t\tdata-design=\"material\"\n\t\t\t\t\n\t\t\t\t\n\t\t\t\t\n\t\t\t\tdata-grid=\"open\"\n\t\t\t\t\n\t\t\t\t\n\t\t\t\tstyle=\"display: none;\"\n\t\t\t\t\n\t\t\t\tdata-uid=\"69d519e5820a3\"\n\t\t\t><div role=\"alert\" aria-live=\"polite\" class=\"forminator-response-message forminator-error\" aria-hidden=\"true\"><\/div><div class=\"forminator-row\"><div id=\"name-1\" class=\"forminator-field-name forminator-col forminator-col-6 \"><div class=\"forminator-field\"><label for=\"forminator-field-name-1_69d519e5820a3\" id=\"forminator-field-name-1_69d519e5820a3-label\" class=\"forminator-label\">Pr\u00e9nom <span class=\"forminator-required\">*<\/span><\/label><input type=\"text\" name=\"name-1\" value=\"\" placeholder=\"\" id=\"forminator-field-name-1_69d519e5820a3\" class=\"forminator-input forminator-name--field\" aria-required=\"true\" \/><\/div><\/div><div id=\"name-2\" class=\"forminator-field-name forminator-col forminator-col-6 \"><div class=\"forminator-field\"><label for=\"forminator-field-name-2_69d519e5820a3\" id=\"forminator-field-name-2_69d519e5820a3-label\" class=\"forminator-label\">Nom <span class=\"forminator-required\">*<\/span><\/label><input type=\"text\" name=\"name-2\" value=\"\" placeholder=\"\" id=\"forminator-field-name-2_69d519e5820a3\" class=\"forminator-input forminator-name--field\" aria-required=\"true\" \/><\/div><\/div><\/div><div class=\"forminator-row\"><div id=\"email-1\" class=\"forminator-field-email forminator-col forminator-col-12 \"><div class=\"forminator-field\"><label for=\"forminator-field-email-1_69d519e5820a3\" id=\"forminator-field-email-1_69d519e5820a3-label\" class=\"forminator-label\">E-mail <span class=\"forminator-required\">*<\/span><\/label><input type=\"email\" name=\"email-1\" value=\"\" placeholder=\"\" id=\"forminator-field-email-1_69d519e5820a3\" class=\"forminator-input forminator-email--field\" data-required=\"true\" aria-required=\"true\" \/><\/div><\/div><\/div><div class=\"forminator-row\"><div id=\"phone-1\" class=\"forminator-field-phone forminator-col forminator-col-12 \"><div class=\"forminator-field\"><label for=\"forminator-field-phone-1_69d519e5820a3\" id=\"forminator-field-phone-1_69d519e5820a3-label\" class=\"forminator-label\">Num\u00e9ro de t\u00e9l\u00e9phone<\/label><input type=\"text\" name=\"phone-1\" value=\"\" placeholder=\"\" id=\"forminator-field-phone-1_69d519e5820a3\" class=\"forminator-input forminator-field--phone\" data-required=\"\" aria-required=\"false\" autocomplete=\"off\" \/><\/div><\/div><\/div><div class=\"forminator-row\"><div id=\"select-1\" class=\"forminator-field-select forminator-col forminator-col-12 \"><div class=\"forminator-field\"><label for=\"forminator-form-6695__field--select-1_69d519e5820a3\" id=\"forminator-form-6695__field--select-1_69d519e5820a3-label\" class=\"forminator-label\">Int\u00e9ress\u00e9 par : <span class=\"forminator-required\">*<\/span><\/label><select id=\"forminator-form-6695__field--select-1_69d519e5820a3\" class=\"forminator-select--field forminator-select2\" data-required=\"1\" name=\"select-1\" data-default-value=\"Pack-4-plaques\" data-hidden-behavior=\"zero\" data-placeholder=\"Please select an option\" data-search=\"false\" aria-labelledby=\"forminator-form-6695__field--select-1_69d519e5820a3-label\" aria-describedby=\"forminator-form-6695__field--select-1_69d519e5820a3-description\"><option value=\"\">Please select an option<\/option><option value=\"one\"  data-calculation=\"0\">Plaque Google<\/option><option value=\"two\"  data-calculation=\"0\">Plaque Instagram<\/option><option value=\"Plaque-Facebook\"  data-calculation=\"0\">Plaque Facebook<\/option><option value=\"Plaque-TikTok\"  data-calculation=\"0\">Plaque TikTok<\/option><option value=\"Plaque-SnapChat\"  data-calculation=\"0\">Plaque SnapChat<\/option><option value=\"Plaque-TripAdvisor\"  data-calculation=\"0\">Plaque TripAdvisor<\/option><option value=\"Pack-4-plaques\" selected=\"selected\" data-calculation=\"0\">Pack 4 plaques<\/option><\/select><\/div><\/div><\/div><input type=\"hidden\" name=\"referer_url\" value=\"\" \/><div class=\"forminator-row forminator-row-last\"><div class=\"forminator-col\"><div class=\"forminator-field\"><button class=\"forminator-button forminator-button-submit\"><span>Envoyer<\/span><span aria-hidden=\"true\"><\/span><\/button><\/div><\/div><\/div><input type=\"hidden\" id=\"forminator_nonce\" name=\"forminator_nonce\" value=\"c4481fb02b\" \/><input type=\"hidden\" name=\"_wp_http_referer\" value=\"\/index.php\/wp-json\/wp\/v2\/pages\/6689\" \/><input type=\"hidden\" name=\"form_id\" value=\"6695\"><input type=\"hidden\" name=\"page_id\" value=\"6689\"><input type=\"hidden\" name=\"form_type\" value=\"default\"><input type=\"hidden\" name=\"current_url\" value=\"https:\/\/mydigicode.fr\/index.php\/elementor-6689\/\"><input type=\"hidden\" name=\"render_id\" value=\"0\"><input type=\"hidden\" name=\"action\" value=\"forminator_submit_form_custom-forms\"><\/form><\/div>\n\t\t\t\t<\/div>\n\t\t\t\t<\/div>\n\t\t\t\t\t<\/div>\n\t\t<\/div>\n\t\t\t\t\t\t\t<\/div>\n\t\t<\/section>\n\t\t\t\t<section class=\"elementor-section elementor-top-section elementor-element elementor-element-397beb1 elementor-section-content-middle elementor-section-boxed elementor-section-height-default elementor-section-height-default wpr-particle-no wpr-jarallax-no wpr-parallax-no wpr-sticky-section-no\" data-id=\"397beb1\" data-element_type=\"section\" data-settings=\"{&quot;background_background&quot;:&quot;gradient&quot;}\">\n\t\t\t\t\t\t\t<div class=\"elementor-background-overlay\"><\/div>\n\t\t\t\t\t\t\t<div class=\"elementor-container elementor-column-gap-no\">\n\t\t\t\t\t<div class=\"elementor-column elementor-col-100 elementor-top-column elementor-element elementor-element-c2da48b\" data-id=\"c2da48b\" data-element_type=\"column\">\n\t\t\t<div class=\"elementor-widget-wrap elementor-element-populated\">\n\t\t\t\t\t\t\t\t<div class=\"elementor-element elementor-element-3a51378 elementor-widget elementor-widget-heading\" data-id=\"3a51378\" data-element_type=\"widget\" data-widget_type=\"heading.default\">\n\t\t\t\t<div class=\"elementor-widget-container\">\n\t\t\t<style>\/*! elementor - v3.12.0 - 29-03-2023 *\/\n.elementor-heading-title{padding:0;margin:0;line-height:1}.elementor-widget-heading .elementor-heading-title[class*=elementor-size-]>a{color:inherit;font-size:inherit;line-height:inherit}.elementor-widget-heading .elementor-heading-title.elementor-size-small{font-size:15px}.elementor-widget-heading .elementor-heading-title.elementor-size-medium{font-size:19px}.elementor-widget-heading .elementor-heading-title.elementor-size-large{font-size:29px}.elementor-widget-heading .elementor-heading-title.elementor-size-xl{font-size:39px}.elementor-widget-heading .elementor-heading-title.elementor-size-xxl{font-size:59px}<\/style><h2 class=\"elementor-heading-title elementor-size-default\">Optimisez votre visibilit\u00e9 en ligne et stimulez<br>l'interaction de votre communaut\u00e9 gr\u00e2ce \u00e0 notre<br>savoir-faire en community management !<\/h2>\t\t<\/div>\n\t\t\t\t<\/div>\n\t\t\t\t<div class=\"elementor-element elementor-element-d0f6ac5 elementor-mobile-align-center elementor-align-center elementor-widget elementor-widget-button\" data-id=\"d0f6ac5\" data-element_type=\"widget\" data-widget_type=\"button.default\">\n\t\t\t\t<div class=\"elementor-widget-container\">\n\t\t\t\t\t<div class=\"elementor-button-wrapper\">\n\t\t\t<a href=\"#\" class=\"elementor-button-link elementor-button elementor-size-md\" role=\"button\">\n\t\t\t\t\t\t<span class=\"elementor-button-content-wrapper\">\n\t\t\t\t\t\t<span class=\"elementor-button-text\">PRENDRE UN RENDEZ-VOUS T\u00c9L\u00c9PHONIQUE<\/span>\n\t\t<\/span>\n\t\t\t\t\t<\/a>\n\t\t<\/div>\n\t\t\t\t<\/div>\n\t\t\t\t<\/div>\n\t\t\t\t\t<\/div>\n\t\t<\/div>\n\t\t\t\t\t\t\t<\/div>\n\t\t<\/section>\n\t\t\t\t\t\t\t<\/div>\n\t\t","protected":false},"excerpt":{"rendered":"<p>Optimisez votre visibilit\u00e9 en ligne et stimulezl&#8217;interaction de votre communaut\u00e9 gr\u00e2ce \u00e0 notresavoir-faire en community management ! PRENDRE UN RENDEZ-VOUS T\u00c9L\u00c9PHONIQUE<\/p>\n","protected":false},"author":1,"featured_media":0,"parent":0,"menu_order":0,"comment_status":"closed","ping_status":"closed","template":"elementor_canvas","meta":[],"_links":{"self":[{"href":"https:\/\/mydigicode.fr\/index.php\/wp-json\/wp\/v2\/pages\/6689"}],"collection":[{"href":"https:\/\/mydigicode.fr\/index.php\/wp-json\/wp\/v2\/pages"}],"about":[{"href":"https:\/\/mydigicode.fr\/index.php\/wp-json\/wp\/v2\/types\/page"}],"author":[{"embeddable":true,"href":"https:\/\/mydigicode.fr\/index.php\/wp-json\/wp\/v2\/users\/1"}],"replies":[{"embeddable":true,"href":"https:\/\/mydigicode.fr\/index.php\/wp-json\/wp\/v2\/comments?post=6689"}],"version-history":[{"count":23,"href":"https:\/\/mydigicode.fr\/index.php\/wp-json\/wp\/v2\/pages\/6689\/revisions"}],"predecessor-version":[{"id":6727,"href":"https:\/\/mydigicode.fr\/index.php\/wp-json\/wp\/v2\/pages\/6689\/revisions\/6727"}],"wp:attachment":[{"href":"https:\/\/mydigicode.fr\/index.php\/wp-json\/wp\/v2\/media?parent=6689"}],"curies":[{"name":"wp","href":"https:\/\/api.w.org\/{rel}","templated":true}]}}